{"id":3,"date":"2021-10-17T20:07:58","date_gmt":"2021-10-17T18:07:58","guid":{"rendered":"https:\/\/kraemercransmontana.ch\/en\/?page_id=3"},"modified":"2026-03-04T14:43:44","modified_gmt":"2026-03-04T13:43:44","slug":"legal-notices","status":"publish","type":"page","link":"https:\/\/kraemercransmontana.ch\/en\/legal-notices\/","title":{"rendered":"Legal notices"},"content":{"rendered":"\n<p><strong>Solution Digitale<\/strong><\/p>\n\n\n\n<p>Route de Grivaz 17<br>1607 Pal\u00e9zieux<\/p>\n\n\n\n<p>T\u00e9l\u00e9phone :&nbsp;<a href=\"tel:079 152 12 10\">+41 21 907 87 87<\/a><\/p>\n\n\n\n<p>E-mail :&nbsp;<a href=\"mailto:mywebsite@localsearch.ch\"><strong>info@solution-digitale.ch<\/strong><\/a><\/p>\n\n\n\n<p><\/p>\n\n\n\n<p>\u00a9<a href=\"https:\/\/solution-digitale.ch\/\">&nbsp;Solution-digitale 2021<\/a><\/p>\n\n\n\n<hr class=\"wp-block-separator\"\/>\n\n\n\n<h2 class=\"wp-block-heading\">Cookies<\/h2>\n\n\n\n<p>Ce site web utilise des cookies.<br>Les cookies nous permettent de personnaliser le contenu et les annonces, d&rsquo;offrir des fonctionnalit\u00e9s relatives aux m\u00e9dias sociaux et d&rsquo;analyser notre trafic.<\/p>\n","protected":false},"excerpt":{"rendered":"<p>Solution Digitale Route de Grivaz 171607 Pal\u00e9zieux T\u00e9l\u00e9phone :&nbsp;+41 21 907 87 87 E-mail :&nbsp;info@solution-digitale.ch \u00a9&nbsp;Solution-digitale 2021 Cookies Ce site web utilise des cookies.Les cookies nous permettent de personnaliser le contenu et les annonces, d&rsquo;offrir des fonctionnalit\u00e9s relatives aux m\u00e9dias sociaux et d&rsquo;analyser notre trafic.<\/p>\n","protected":false},"author":3,"featured_media":0,"parent":0,"menu_order":0,"comment_status":"closed","ping_status":"closed","template":"templates_page\/template-mention.php","meta":{"footnotes":""},"class_list":["post-3","page","type-page","status-publish","hentry"],"_links":{"self":[{"href":"https:\/\/kraemercransmontana.ch\/en\/wp-json\/wp\/v2\/pages\/3","targetHints":{"allow":["GET"]}}],"collection":[{"href":"https:\/\/kraemercransmontana.ch\/en\/wp-json\/wp\/v2\/pages"}],"about":[{"href":"https:\/\/kraemercransmontana.ch\/en\/wp-json\/wp\/v2\/types\/page"}],"author":[{"embeddable":true,"href":"https:\/\/kraemercransmontana.ch\/en\/wp-json\/wp\/v2\/users\/3"}],"replies":[{"embeddable":true,"href":"https:\/\/kraemercransmontana.ch\/en\/wp-json\/wp\/v2\/comments?post=3"}],"version-history":[{"count":1,"href":"https:\/\/kraemercransmontana.ch\/en\/wp-json\/wp\/v2\/pages\/3\/revisions"}],"predecessor-version":[{"id":621,"href":"https:\/\/kraemercransmontana.ch\/en\/wp-json\/wp\/v2\/pages\/3\/revisions\/621"}],"wp:attachment":[{"href":"https:\/\/kraemercransmontana.ch\/en\/wp-json\/wp\/v2\/media?parent=3"}],"curies":[{"name":"wp","href":"https:\/\/api.w.org\/{rel}","templated":true}]}}